{"id":6333,"date":"2024-09-10T12:29:07","date_gmt":"2024-09-10T10:29:07","guid":{"rendered":"https:\/\/syspost.ch\/pacte-mondial-des-nations-unies\/"},"modified":"2024-10-09T14:20:15","modified_gmt":"2024-10-09T12:20:15","slug":"pacte-mondial-des-nations-unies","status":"publish","type":"page","link":"https:\/\/syspost.ch\/fr\/pacte-mondial-des-nations-unies\/","title":{"rendered":"Pacte mondial des Nations unies"},"content":{"rendered":"[vc_row type=\u00a0\u00bbin_container\u00a0\u00bb full_screen_row_position=\u00a0\u00bbmiddle\u00a0\u00bb column_margin=\u00a0\u00bbdefault\u00a0\u00bb column_direction=\u00a0\u00bbdefault\u00a0\u00bb column_direction_tablet=\u00a0\u00bbdefault\u00a0\u00bb column_direction_phone=\u00a0\u00bbdefault\u00a0\u00bb scene_position=\u00a0\u00bbcenter\u00a0\u00bb text_color=\u00a0\u00bbdark\u00a0\u00bb text_align=\u00a0\u00bbleft\u00a0\u00bb row_border_radius=\u00a0\u00bbnone\u00a0\u00bb row_border_radius_applies=\u00a0\u00bbbg\u00a0\u00bb overflow=\u00a0\u00bbvisible\u00a0\u00bb overlay_strength=\u00a0\u00bb0.3&Prime; gradient_direction=\u00a0\u00bbleft_to_right\u00a0\u00bb shape_divider_position=\u00a0\u00bbbottom\u00a0\u00bb bg_image_animation=\u00a0\u00bbnone\u00a0\u00bb][vc_column column_padding=\u00a0\u00bbno-extra-padding\u00a0\u00bb column_padding_tablet=\u00a0\u00bbinherit\u00a0\u00bb column_padding_phone=\u00a0\u00bbinherit\u00a0\u00bb column_padding_position=\u00a0\u00bball\u00a0\u00bb column_element_direction_desktop=\u00a0\u00bbdefault\u00a0\u00bb column_element_spacing=\u00a0\u00bbdefault\u00a0\u00bb desktop_text_alignment=\u00a0\u00bbdefault\u00a0\u00bb tablet_text_alignment=\u00a0\u00bbdefault\u00a0\u00bb phone_text_alignment=\u00a0\u00bbdefault\u00a0\u00bb background_color_opacity=\u00a0\u00bb1&Prime; background_hover_color_opacity=\u00a0\u00bb1&Prime; column_backdrop_filter=\u00a0\u00bbnone\u00a0\u00bb column_shadow=\u00a0\u00bbnone\u00a0\u00bb column_border_radius=\u00a0\u00bbnone\u00a0\u00bb column_link_target=\u00a0\u00bb_self\u00a0\u00bb column_position=\u00a0\u00bbdefault\u00a0\u00bb gradient_direction=\u00a0\u00bbleft_to_right\u00a0\u00bb overlay_strength=\u00a0\u00bb0.3&Prime; width=\u00a0\u00bb1\/1&Prime; tablet_width_inherit=\u00a0\u00bbdefault\u00a0\u00bb animation_type=\u00a0\u00bbdefault\u00a0\u00bb bg_image_animation=\u00a0\u00bbnone\u00a0\u00bb border_type=\u00a0\u00bbsimple\u00a0\u00bb column_border_width=\u00a0\u00bbnone\u00a0\u00bb column_border_style=\u00a0\u00bbsolid\u00a0\u00bb][vc_column_text css=\u00a0\u00bb\u00a0\u00bb text_direction=\u00a0\u00bbdefault\u00a0\u00bb]\n<h1>Pacte mondial des Nations unies<\/h1>\n<p align=\"right\">En mars 2023<\/p>\n<p>Nous sommes heureux d&rsquo;annoncer que Syspost SA est membre du Pacte Mondial des Nations Unies et adh\u00e8re ainsi aux 10 principes du Pacte Mondial. En tant qu&rsquo;entreprise, nous estimons qu&rsquo;il est de notre responsabilit\u00e9 d&rsquo;orienter nos activit\u00e9s commerciales de mani\u00e8re durable et responsable.<\/p>\n<p>Le respect des droits de l&rsquo;homme, l&rsquo;instauration de conditions de travail \u00e9quitables, la lutte contre la corruption et la protection de l&rsquo;environnement sont pour nous essentiels \u00e0 la p\u00e9rennit\u00e9 de notre soci\u00e9t\u00e9 moderne. Nous nous engageons \u00e0 mettre en \u0153uvre ces principes dans l&rsquo;ensemble de notre cha\u00eene de valeur et \u00e0 les am\u00e9liorer en permanence.<\/p>\n<p>Notre adh\u00e9sion au Pacte mondial des Nations unies est une d\u00e9claration sans \u00e9quivoque selon laquelle nous sommes conscients de nos responsabilit\u00e9s. Nous nous efforcerons d&rsquo;am\u00e9liorer en permanence nos pratiques commerciales et rendrons compte r\u00e9guli\u00e8rement de nos progr\u00e8s.<\/p>\n<p>Nous sommes conscients qu&rsquo;il s&rsquo;agit d&rsquo;un engagement \u00e0 long terme qui n\u00e9cessite des efforts continus. C&rsquo;est pourquoi nous participerons \u00e0 un dialogue ouvert afin d&rsquo;apprendre des autres et d&rsquo;atteindre nos objectifs.<\/p>\n<p>En tant que PDG de Syspost SA, je tiens \u00e0 souligner que nous sommes conscients de notre responsabilit\u00e9 en tant qu&rsquo;entreprise et que nous continuerons \u00e0 nous engager activement en faveur d&rsquo;un entrepreneuriat durable et responsable.<\/p>\n<p>Marco Gola<\/p>\n<p>CEO de Syspost AG[\/vc_column_text][\/vc_column][\/vc_row]\n","protected":false},"excerpt":{"rendered":"<p>[vc_row type=\u00a0\u00bbin_container\u00a0\u00bb full_screen_row_position=\u00a0\u00bbmiddle\u00a0\u00bb column_margin=\u00a0\u00bbdefault\u00a0\u00bb column_direction=\u00a0\u00bbdefault\u00a0\u00bb column_direction_tablet=\u00a0\u00bbdefault\u00a0\u00bb column_direction_phone=\u00a0\u00bbdefault\u00a0\u00bb scene_position=\u00a0\u00bbcenter\u00a0\u00bb text_color=\u00a0\u00bbdark\u00a0\u00bb text_align=\u00a0\u00bbleft\u00a0\u00bb row_border_radius=\u00a0\u00bbnone\u00a0\u00bb row_border_radius_applies=\u00a0\u00bbbg\u00a0\u00bb overflow=\u00a0\u00bbvisible\u00a0\u00bb overlay_strength=\u00a0\u00bb0.3&Prime; gradient_direction=\u00a0\u00bbleft_to_right\u00a0\u00bb&#8230;<\/p>\n","protected":false},"author":3,"featured_media":0,"parent":0,"menu_order":0,"comment_status":"closed","ping_status":"closed","template":"","meta":{"inline_featured_image":false,"footnotes":""},"class_list":["post-6333","page","type-page","status-publish"],"yoast_head":"<!-- This site is optimized with the Yoast SEO plugin v27.2 - https:\/\/yoast.com\/product\/yoast-seo-wordpress\/ -->\n<title>Pacte mondial des Nations unies - Syspost AG<\/title>\n<meta name=\"robots\" content=\"index, follow, max-snippet:-1, max-image-preview:large, max-video-preview:-1\" \/>\n<link rel=\"canonical\" href=\"https:\/\/syspost.ch\/fr\/pacte-mondial-des-nations-unies\/\" \/>\n<meta property=\"og:locale\" content=\"fr_FR\" \/>\n<meta property=\"og:type\" content=\"article\" \/>\n<meta property=\"og:title\" content=\"Pacte mondial des Nations unies - Syspost AG\" \/>\n<meta property=\"og:description\" content=\"[vc_row type=\u00a0\u00bbin_container\u00a0\u00bb full_screen_row_position=\u00a0\u00bbmiddle\u00a0\u00bb column_margin=\u00a0\u00bbdefault\u00a0\u00bb column_direction=\u00a0\u00bbdefault\u00a0\u00bb column_direction_tablet=\u00a0\u00bbdefault\u00a0\u00bb column_direction_phone=\u00a0\u00bbdefault\u00a0\u00bb scene_position=\u00a0\u00bbcenter\u00a0\u00bb text_color=\u00a0\u00bbdark\u00a0\u00bb text_align=\u00a0\u00bbleft\u00a0\u00bb row_border_radius=\u00a0\u00bbnone\u00a0\u00bb row_border_radius_applies=\u00a0\u00bbbg\u00a0\u00bb overflow=\u00a0\u00bbvisible\u00a0\u00bb overlay_strength=\u00a0\u00bb0.3&Prime; gradient_direction=\u00a0\u00bbleft_to_right\u00a0\u00bb...\" \/>\n<meta property=\"og:url\" content=\"https:\/\/syspost.ch\/fr\/pacte-mondial-des-nations-unies\/\" \/>\n<meta property=\"og:site_name\" content=\"Syspost AG\" \/>\n<meta property=\"article:modified_time\" content=\"2024-10-09T12:20:15+00:00\" \/>\n<meta name=\"twitter:card\" content=\"summary_large_image\" \/>\n<meta name=\"twitter:label1\" content=\"Dur\u00e9e de lecture estim\u00e9e\" \/>\n\t<meta name=\"twitter:data1\" content=\"2 minutes\" \/>\n<script type=\"application\/ld+json\" class=\"yoast-schema-graph\">{\"@context\":\"https:\/\/schema.org\",\"@graph\":[{\"@type\":\"WebPage\",\"@id\":\"https:\/\/syspost.ch\/fr\/pacte-mondial-des-nations-unies\/\",\"url\":\"https:\/\/syspost.ch\/fr\/pacte-mondial-des-nations-unies\/\",\"name\":\"Pacte mondial des Nations unies - Syspost AG\",\"isPartOf\":{\"@id\":\"https:\/\/syspost.ch\/fr\/#website\"},\"datePublished\":\"2024-09-10T10:29:07+00:00\",\"dateModified\":\"2024-10-09T12:20:15+00:00\",\"breadcrumb\":{\"@id\":\"https:\/\/syspost.ch\/fr\/pacte-mondial-des-nations-unies\/#breadcrumb\"},\"inLanguage\":\"fr-FR\",\"potentialAction\":[{\"@type\":\"ReadAction\",\"target\":[\"https:\/\/syspost.ch\/fr\/pacte-mondial-des-nations-unies\/\"]}]},{\"@type\":\"BreadcrumbList\",\"@id\":\"https:\/\/syspost.ch\/fr\/pacte-mondial-des-nations-unies\/#breadcrumb\",\"itemListElement\":[{\"@type\":\"ListItem\",\"position\":1,\"name\":\"Startseite\",\"item\":\"https:\/\/syspost.ch\/fr\/accueil\/\"},{\"@type\":\"ListItem\",\"position\":2,\"name\":\"Pacte mondial des Nations unies\"}]},{\"@type\":\"WebSite\",\"@id\":\"https:\/\/syspost.ch\/fr\/#website\",\"url\":\"https:\/\/syspost.ch\/fr\/\",\"name\":\"Syspost AG\",\"description\":\"Hardware- und Softwarel\u00f6sung f\u00fcr mehr Effizienz in der Post- und Dokumentenlogistik\",\"publisher\":{\"@id\":\"https:\/\/syspost.ch\/fr\/#organization\"},\"potentialAction\":[{\"@type\":\"SearchAction\",\"target\":{\"@type\":\"EntryPoint\",\"urlTemplate\":\"https:\/\/syspost.ch\/fr\/?s={search_term_string}\"},\"query-input\":{\"@type\":\"PropertyValueSpecification\",\"valueRequired\":true,\"valueName\":\"search_term_string\"}}],\"inLanguage\":\"fr-FR\"},{\"@type\":\"Organization\",\"@id\":\"https:\/\/syspost.ch\/fr\/#organization\",\"name\":\"Syspost AG\",\"url\":\"https:\/\/syspost.ch\/fr\/\",\"logo\":{\"@type\":\"ImageObject\",\"inLanguage\":\"fr-FR\",\"@id\":\"https:\/\/syspost.ch\/fr\/#\/schema\/logo\/image\/\",\"url\":\"https:\/\/syspost.ch\/wp-content\/uploads\/2024\/09\/syspost-logo-bright-bg.svg\",\"contentUrl\":\"https:\/\/syspost.ch\/wp-content\/uploads\/2024\/09\/syspost-logo-bright-bg.svg\",\"width\":250,\"height\":57,\"caption\":\"Syspost AG\"},\"image\":{\"@id\":\"https:\/\/syspost.ch\/fr\/#\/schema\/logo\/image\/\"}}]}<\/script>\n<!-- \/ Yoast SEO plugin. -->","yoast_head_json":{"title":"Pacte mondial des Nations unies - Syspost AG","robots":{"index":"index","follow":"follow","max-snippet":"max-snippet:-1","max-image-preview":"max-image-preview:large","max-video-preview":"max-video-preview:-1"},"canonical":"https:\/\/syspost.ch\/fr\/pacte-mondial-des-nations-unies\/","og_locale":"fr_FR","og_type":"article","og_title":"Pacte mondial des Nations unies - Syspost AG","og_description":"[vc_row type=\u00a0\u00bbin_container\u00a0\u00bb full_screen_row_position=\u00a0\u00bbmiddle\u00a0\u00bb column_margin=\u00a0\u00bbdefault\u00a0\u00bb column_direction=\u00a0\u00bbdefault\u00a0\u00bb column_direction_tablet=\u00a0\u00bbdefault\u00a0\u00bb column_direction_phone=\u00a0\u00bbdefault\u00a0\u00bb scene_position=\u00a0\u00bbcenter\u00a0\u00bb text_color=\u00a0\u00bbdark\u00a0\u00bb text_align=\u00a0\u00bbleft\u00a0\u00bb row_border_radius=\u00a0\u00bbnone\u00a0\u00bb row_border_radius_applies=\u00a0\u00bbbg\u00a0\u00bb overflow=\u00a0\u00bbvisible\u00a0\u00bb overlay_strength=\u00a0\u00bb0.3&Prime; gradient_direction=\u00a0\u00bbleft_to_right\u00a0\u00bb...","og_url":"https:\/\/syspost.ch\/fr\/pacte-mondial-des-nations-unies\/","og_site_name":"Syspost AG","article_modified_time":"2024-10-09T12:20:15+00:00","twitter_card":"summary_large_image","twitter_misc":{"Dur\u00e9e de lecture estim\u00e9e":"2 minutes"},"schema":{"@context":"https:\/\/schema.org","@graph":[{"@type":"WebPage","@id":"https:\/\/syspost.ch\/fr\/pacte-mondial-des-nations-unies\/","url":"https:\/\/syspost.ch\/fr\/pacte-mondial-des-nations-unies\/","name":"Pacte mondial des Nations unies - Syspost AG","isPartOf":{"@id":"https:\/\/syspost.ch\/fr\/#website"},"datePublished":"2024-09-10T10:29:07+00:00","dateModified":"2024-10-09T12:20:15+00:00","breadcrumb":{"@id":"https:\/\/syspost.ch\/fr\/pacte-mondial-des-nations-unies\/#breadcrumb"},"inLanguage":"fr-FR","potentialAction":[{"@type":"ReadAction","target":["https:\/\/syspost.ch\/fr\/pacte-mondial-des-nations-unies\/"]}]},{"@type":"BreadcrumbList","@id":"https:\/\/syspost.ch\/fr\/pacte-mondial-des-nations-unies\/#breadcrumb","itemListElement":[{"@type":"ListItem","position":1,"name":"Startseite","item":"https:\/\/syspost.ch\/fr\/accueil\/"},{"@type":"ListItem","position":2,"name":"Pacte mondial des Nations unies"}]},{"@type":"WebSite","@id":"https:\/\/syspost.ch\/fr\/#website","url":"https:\/\/syspost.ch\/fr\/","name":"Syspost AG","description":"Hardware- und Softwarel\u00f6sung f\u00fcr mehr Effizienz in der Post- und Dokumentenlogistik","publisher":{"@id":"https:\/\/syspost.ch\/fr\/#organization"},"potentialAction":[{"@type":"SearchAction","target":{"@type":"EntryPoint","urlTemplate":"https:\/\/syspost.ch\/fr\/?s={search_term_string}"},"query-input":{"@type":"PropertyValueSpecification","valueRequired":true,"valueName":"search_term_string"}}],"inLanguage":"fr-FR"},{"@type":"Organization","@id":"https:\/\/syspost.ch\/fr\/#organization","name":"Syspost AG","url":"https:\/\/syspost.ch\/fr\/","logo":{"@type":"ImageObject","inLanguage":"fr-FR","@id":"https:\/\/syspost.ch\/fr\/#\/schema\/logo\/image\/","url":"https:\/\/syspost.ch\/wp-content\/uploads\/2024\/09\/syspost-logo-bright-bg.svg","contentUrl":"https:\/\/syspost.ch\/wp-content\/uploads\/2024\/09\/syspost-logo-bright-bg.svg","width":250,"height":57,"caption":"Syspost AG"},"image":{"@id":"https:\/\/syspost.ch\/fr\/#\/schema\/logo\/image\/"}}]}},"_links":{"self":[{"href":"https:\/\/syspost.ch\/fr\/wp-json\/wp\/v2\/pages\/6333","targetHints":{"allow":["GET"]}}],"collection":[{"href":"https:\/\/syspost.ch\/fr\/wp-json\/wp\/v2\/pages"}],"about":[{"href":"https:\/\/syspost.ch\/fr\/wp-json\/wp\/v2\/types\/page"}],"author":[{"embeddable":true,"href":"https:\/\/syspost.ch\/fr\/wp-json\/wp\/v2\/users\/3"}],"replies":[{"embeddable":true,"href":"https:\/\/syspost.ch\/fr\/wp-json\/wp\/v2\/comments?post=6333"}],"version-history":[{"count":10,"href":"https:\/\/syspost.ch\/fr\/wp-json\/wp\/v2\/pages\/6333\/revisions"}],"predecessor-version":[{"id":6387,"href":"https:\/\/syspost.ch\/fr\/wp-json\/wp\/v2\/pages\/6333\/revisions\/6387"}],"wp:attachment":[{"href":"https:\/\/syspost.ch\/fr\/wp-json\/wp\/v2\/media?parent=6333"}],"curies":[{"name":"wp","href":"https:\/\/api.w.org\/{rel}","templated":true}]}}