{"id":6393,"date":"2024-09-10T12:27:23","date_gmt":"2024-09-10T10:27:23","guid":{"rendered":"https:\/\/syspost.ch\/mentions-legales\/"},"modified":"2024-10-09T14:39:36","modified_gmt":"2024-10-09T12:39:36","slug":"mentions-legales","status":"publish","type":"page","link":"https:\/\/syspost.ch\/fr\/mentions-legales\/","title":{"rendered":"Mentions l\u00e9gales"},"content":{"rendered":"[vc_row type=\u00a0\u00bbin_container\u00a0\u00bb full_screen_row_position=\u00a0\u00bbmiddle\u00a0\u00bb column_margin=\u00a0\u00bbdefault\u00a0\u00bb column_direction=\u00a0\u00bbdefault\u00a0\u00bb column_direction_tablet=\u00a0\u00bbdefault\u00a0\u00bb column_direction_phone=\u00a0\u00bbdefault\u00a0\u00bb scene_position=\u00a0\u00bbcenter\u00a0\u00bb text_color=\u00a0\u00bbdark\u00a0\u00bb text_align=\u00a0\u00bbleft\u00a0\u00bb row_border_radius=\u00a0\u00bbnone\u00a0\u00bb row_border_radius_applies=\u00a0\u00bbbg\u00a0\u00bb overflow=\u00a0\u00bbvisible\u00a0\u00bb overlay_strength=\u00a0\u00bb0.3&Prime; gradient_direction=\u00a0\u00bbleft_to_right\u00a0\u00bb shape_divider_position=\u00a0\u00bbbottom\u00a0\u00bb bg_image_animation=\u00a0\u00bbnone\u00a0\u00bb][vc_column column_padding=\u00a0\u00bbno-extra-padding\u00a0\u00bb column_padding_tablet=\u00a0\u00bbinherit\u00a0\u00bb column_padding_phone=\u00a0\u00bbinherit\u00a0\u00bb column_padding_position=\u00a0\u00bball\u00a0\u00bb column_element_direction_desktop=\u00a0\u00bbdefault\u00a0\u00bb column_element_spacing=\u00a0\u00bbdefault\u00a0\u00bb desktop_text_alignment=\u00a0\u00bbdefault\u00a0\u00bb tablet_text_alignment=\u00a0\u00bbdefault\u00a0\u00bb phone_text_alignment=\u00a0\u00bbdefault\u00a0\u00bb background_color_opacity=\u00a0\u00bb1&Prime; background_hover_color_opacity=\u00a0\u00bb1&Prime; column_backdrop_filter=\u00a0\u00bbnone\u00a0\u00bb column_shadow=\u00a0\u00bbnone\u00a0\u00bb column_border_radius=\u00a0\u00bbnone\u00a0\u00bb column_link_target=\u00a0\u00bb_self\u00a0\u00bb column_position=\u00a0\u00bbdefault\u00a0\u00bb gradient_direction=\u00a0\u00bbleft_to_right\u00a0\u00bb overlay_strength=\u00a0\u00bb0.3&Prime; width=\u00a0\u00bb1\/1&Prime; tablet_width_inherit=\u00a0\u00bbdefault\u00a0\u00bb animation_type=\u00a0\u00bbdefault\u00a0\u00bb bg_image_animation=\u00a0\u00bbnone\u00a0\u00bb border_type=\u00a0\u00bbsimple\u00a0\u00bb column_border_width=\u00a0\u00bbnone\u00a0\u00bb column_border_style=\u00a0\u00bbsolid\u00a0\u00bb][vc_column_text css=\u00a0\u00bb\u00a0\u00bb text_direction=\u00a0\u00bbdefault\u00a0\u00bb]\n<h1>Mentions l\u00e9gales<\/h1>\n[\/vc_column_text][divider line_type=\u00a0\u00bbNo Line\u00a0\u00bb custom_height=\u00a0\u00bb80&Prime; custom_height_phone=\u00a0\u00bb60&Prime;][vc_column_text css=\u00a0\u00bb\u00a0\u00bb text_direction=\u00a0\u00bbdefault\u00a0\u00bb]\n<div class=\"spalte1\">\n<h2>\u00c9diteur<\/h2>\n<p><strong>Syspost AG<\/strong><br \/>\nAlte Winterthurerstrasse 42, CH-8304 Wallisellen<br \/>\nTel. +41 (0)44 883 25 00, Fax +41 (0)44 883 25 01 <a href=\"https:\/\/syspost.ch\">www.syspost.ch<\/a>, <span id=\"cloakfc3c44d93e7b5f3ab51c6b968e384c86\"><a href=\"mailto:info@syspost.ch\">info@syspost.ch<\/a><\/span> <\/p>\n<h2>Travail sur le web<\/h2>\n<p><strong>Matoma GmbH<\/strong><br \/>\nAchauerstra\u00dfe 8, D-78647 Trossingen<br \/>\nT\u00e9l. +49 7425 3384 0, Fax +49 7425 3384 20 <a href=\"https:\/\/www.matoma.de\/\" target=\"_blank\" rel=\"noopener noreferrer\">matoma.de<\/a>, <a href=\"mailto:info@matoma.de\">info@matoma.de<\/a> <\/p>\n<h2>Clause de non-responsabilit\u00e9<\/h2>\n<p><strong>Responsabilit\u00e9 pour les contenus et les liens:<\/strong><br \/>\nSYSPOST\u00ae est une marque d\u00e9pos\u00e9e et prot\u00e9g\u00e9e. Toute utilisation abusive de ce nom de marque est punissable. Le contenu de nos pages a \u00e9t\u00e9 \u00e9labor\u00e9 avec le plus grand soin. Nous ne pouvons toutefois pas garantir l&rsquo;exactitude, l&rsquo;exhaustivit\u00e9 et l&rsquo;actualit\u00e9 des contenus. Notre offre contient des liens vers des sites web externes de tiers, sur lesquels nous n&rsquo;avons aucune influence. Le fournisseur ou l&rsquo;exploitant des pages li\u00e9es est toujours responsable de leur contenu. Si nous devions avoir connaissance de violations de la loi, nous supprimerions imm\u00e9diatement de tels contenus et liens.<br \/>Notre site web utilise Google Analytics, un service d&rsquo;analyse web de Google Inc. Google Analytics utilise des cookies ; des fichiers texte qui sont enregistr\u00e9s sur votre ordinateur et qui permettent une analyse de votre utilisation du site web. Les informations g\u00e9n\u00e9r\u00e9es par le cookie concernant votre utilisation de ce site web sont g\u00e9n\u00e9ralement transmises \u00e0 un serveur de Google aux \u00c9tats-Unis et y sont enregistr\u00e9es. En cas d&rsquo;activation de l&rsquo;anonymisation IP sur ce site web, votre adresse IP sera toutefois abr\u00e9g\u00e9e au pr\u00e9alable par Google dans les \u00c9tats membres de l&rsquo;Union europ\u00e9enne ou dans d&rsquo;autres \u00c9tats signataires de l&rsquo;accord sur l&rsquo;Espace \u00e9conomique europ\u00e9en. Ce n&rsquo;est que dans des cas exceptionnels que l&rsquo;adresse IP compl\u00e8te est transmise \u00e0 un serveur de Google aux \u00c9tats-Unis et y est abr\u00e9g\u00e9e.      <\/p>\n<\/div>\n[\/vc_column_text][divider line_type=\u00a0\u00bbNo Line\u00a0\u00bb custom_height=\u00a0\u00bb80&Prime; custom_height_phone=\u00a0\u00bb60&Prime;][\/vc_column][\/vc_row]\n","protected":false},"excerpt":{"rendered":"<p>[vc_row type=\u00a0\u00bbin_container\u00a0\u00bb full_screen_row_position=\u00a0\u00bbmiddle\u00a0\u00bb column_margin=\u00a0\u00bbdefault\u00a0\u00bb column_direction=\u00a0\u00bbdefault\u00a0\u00bb column_direction_tablet=\u00a0\u00bbdefault\u00a0\u00bb column_direction_phone=\u00a0\u00bbdefault\u00a0\u00bb scene_position=\u00a0\u00bbcenter\u00a0\u00bb text_color=\u00a0\u00bbdark\u00a0\u00bb text_align=\u00a0\u00bbleft\u00a0\u00bb row_border_radius=\u00a0\u00bbnone\u00a0\u00bb row_border_radius_applies=\u00a0\u00bbbg\u00a0\u00bb overflow=\u00a0\u00bbvisible\u00a0\u00bb overlay_strength=\u00a0\u00bb0.3&Prime; gradient_direction=\u00a0\u00bbleft_to_right\u00a0\u00bb&#8230;<\/p>\n","protected":false},"author":3,"featured_media":0,"parent":0,"menu_order":0,"comment_status":"closed","ping_status":"closed","template":"","meta":{"inline_featured_image":false,"footnotes":""},"class_list":["post-6393","page","type-page","status-publish"],"yoast_head":"<!-- This site is optimized with the Yoast SEO plugin v27.2 - https:\/\/yoast.com\/product\/yoast-seo-wordpress\/ -->\n<title>Mentions l\u00e9gales - Syspost AG<\/title>\n<meta name=\"robots\" content=\"index, follow, max-snippet:-1, max-image-preview:large, max-video-preview:-1\" \/>\n<link rel=\"canonical\" href=\"https:\/\/syspost.ch\/fr\/mentions-legales\/\" \/>\n<meta property=\"og:locale\" content=\"fr_FR\" \/>\n<meta property=\"og:type\" content=\"article\" \/>\n<meta property=\"og:title\" content=\"Mentions l\u00e9gales - Syspost AG\" \/>\n<meta property=\"og:description\" content=\"[vc_row type=\u00a0\u00bbin_container\u00a0\u00bb full_screen_row_position=\u00a0\u00bbmiddle\u00a0\u00bb column_margin=\u00a0\u00bbdefault\u00a0\u00bb column_direction=\u00a0\u00bbdefault\u00a0\u00bb column_direction_tablet=\u00a0\u00bbdefault\u00a0\u00bb column_direction_phone=\u00a0\u00bbdefault\u00a0\u00bb scene_position=\u00a0\u00bbcenter\u00a0\u00bb text_color=\u00a0\u00bbdark\u00a0\u00bb text_align=\u00a0\u00bbleft\u00a0\u00bb row_border_radius=\u00a0\u00bbnone\u00a0\u00bb row_border_radius_applies=\u00a0\u00bbbg\u00a0\u00bb overflow=\u00a0\u00bbvisible\u00a0\u00bb overlay_strength=\u00a0\u00bb0.3&Prime; gradient_direction=\u00a0\u00bbleft_to_right\u00a0\u00bb...\" \/>\n<meta property=\"og:url\" content=\"https:\/\/syspost.ch\/fr\/mentions-legales\/\" \/>\n<meta property=\"og:site_name\" content=\"Syspost AG\" \/>\n<meta property=\"article:modified_time\" content=\"2024-10-09T12:39:36+00:00\" \/>\n<meta name=\"twitter:card\" content=\"summary_large_image\" \/>\n<meta name=\"twitter:label1\" content=\"Dur\u00e9e de lecture estim\u00e9e\" \/>\n\t<meta name=\"twitter:data1\" content=\"2 minutes\" \/>\n<script type=\"application\/ld+json\" class=\"yoast-schema-graph\">{\"@context\":\"https:\/\/schema.org\",\"@graph\":[{\"@type\":\"WebPage\",\"@id\":\"https:\/\/syspost.ch\/fr\/mentions-legales\/\",\"url\":\"https:\/\/syspost.ch\/fr\/mentions-legales\/\",\"name\":\"Mentions l\u00e9gales - Syspost AG\",\"isPartOf\":{\"@id\":\"https:\/\/syspost.ch\/fr\/#website\"},\"datePublished\":\"2024-09-10T10:27:23+00:00\",\"dateModified\":\"2024-10-09T12:39:36+00:00\",\"breadcrumb\":{\"@id\":\"https:\/\/syspost.ch\/fr\/mentions-legales\/#breadcrumb\"},\"inLanguage\":\"fr-FR\",\"potentialAction\":[{\"@type\":\"ReadAction\",\"target\":[\"https:\/\/syspost.ch\/fr\/mentions-legales\/\"]}]},{\"@type\":\"BreadcrumbList\",\"@id\":\"https:\/\/syspost.ch\/fr\/mentions-legales\/#breadcrumb\",\"itemListElement\":[{\"@type\":\"ListItem\",\"position\":1,\"name\":\"Startseite\",\"item\":\"https:\/\/syspost.ch\/fr\/accueil\/\"},{\"@type\":\"ListItem\",\"position\":2,\"name\":\"Mentions l\u00e9gales\"}]},{\"@type\":\"WebSite\",\"@id\":\"https:\/\/syspost.ch\/fr\/#website\",\"url\":\"https:\/\/syspost.ch\/fr\/\",\"name\":\"Syspost AG\",\"description\":\"Hardware- und Softwarel\u00f6sung f\u00fcr mehr Effizienz in der Post- und Dokumentenlogistik\",\"publisher\":{\"@id\":\"https:\/\/syspost.ch\/fr\/#organization\"},\"potentialAction\":[{\"@type\":\"SearchAction\",\"target\":{\"@type\":\"EntryPoint\",\"urlTemplate\":\"https:\/\/syspost.ch\/fr\/?s={search_term_string}\"},\"query-input\":{\"@type\":\"PropertyValueSpecification\",\"valueRequired\":true,\"valueName\":\"search_term_string\"}}],\"inLanguage\":\"fr-FR\"},{\"@type\":\"Organization\",\"@id\":\"https:\/\/syspost.ch\/fr\/#organization\",\"name\":\"Syspost AG\",\"url\":\"https:\/\/syspost.ch\/fr\/\",\"logo\":{\"@type\":\"ImageObject\",\"inLanguage\":\"fr-FR\",\"@id\":\"https:\/\/syspost.ch\/fr\/#\/schema\/logo\/image\/\",\"url\":\"https:\/\/syspost.ch\/wp-content\/uploads\/2024\/09\/syspost-logo-bright-bg.svg\",\"contentUrl\":\"https:\/\/syspost.ch\/wp-content\/uploads\/2024\/09\/syspost-logo-bright-bg.svg\",\"width\":250,\"height\":57,\"caption\":\"Syspost AG\"},\"image\":{\"@id\":\"https:\/\/syspost.ch\/fr\/#\/schema\/logo\/image\/\"}}]}<\/script>\n<!-- \/ Yoast SEO plugin. -->","yoast_head_json":{"title":"Mentions l\u00e9gales - Syspost AG","robots":{"index":"index","follow":"follow","max-snippet":"max-snippet:-1","max-image-preview":"max-image-preview:large","max-video-preview":"max-video-preview:-1"},"canonical":"https:\/\/syspost.ch\/fr\/mentions-legales\/","og_locale":"fr_FR","og_type":"article","og_title":"Mentions l\u00e9gales - Syspost AG","og_description":"[vc_row type=\u00a0\u00bbin_container\u00a0\u00bb full_screen_row_position=\u00a0\u00bbmiddle\u00a0\u00bb column_margin=\u00a0\u00bbdefault\u00a0\u00bb column_direction=\u00a0\u00bbdefault\u00a0\u00bb column_direction_tablet=\u00a0\u00bbdefault\u00a0\u00bb column_direction_phone=\u00a0\u00bbdefault\u00a0\u00bb scene_position=\u00a0\u00bbcenter\u00a0\u00bb text_color=\u00a0\u00bbdark\u00a0\u00bb text_align=\u00a0\u00bbleft\u00a0\u00bb row_border_radius=\u00a0\u00bbnone\u00a0\u00bb row_border_radius_applies=\u00a0\u00bbbg\u00a0\u00bb overflow=\u00a0\u00bbvisible\u00a0\u00bb overlay_strength=\u00a0\u00bb0.3&Prime; gradient_direction=\u00a0\u00bbleft_to_right\u00a0\u00bb...","og_url":"https:\/\/syspost.ch\/fr\/mentions-legales\/","og_site_name":"Syspost AG","article_modified_time":"2024-10-09T12:39:36+00:00","twitter_card":"summary_large_image","twitter_misc":{"Dur\u00e9e de lecture estim\u00e9e":"2 minutes"},"schema":{"@context":"https:\/\/schema.org","@graph":[{"@type":"WebPage","@id":"https:\/\/syspost.ch\/fr\/mentions-legales\/","url":"https:\/\/syspost.ch\/fr\/mentions-legales\/","name":"Mentions l\u00e9gales - Syspost AG","isPartOf":{"@id":"https:\/\/syspost.ch\/fr\/#website"},"datePublished":"2024-09-10T10:27:23+00:00","dateModified":"2024-10-09T12:39:36+00:00","breadcrumb":{"@id":"https:\/\/syspost.ch\/fr\/mentions-legales\/#breadcrumb"},"inLanguage":"fr-FR","potentialAction":[{"@type":"ReadAction","target":["https:\/\/syspost.ch\/fr\/mentions-legales\/"]}]},{"@type":"BreadcrumbList","@id":"https:\/\/syspost.ch\/fr\/mentions-legales\/#breadcrumb","itemListElement":[{"@type":"ListItem","position":1,"name":"Startseite","item":"https:\/\/syspost.ch\/fr\/accueil\/"},{"@type":"ListItem","position":2,"name":"Mentions l\u00e9gales"}]},{"@type":"WebSite","@id":"https:\/\/syspost.ch\/fr\/#website","url":"https:\/\/syspost.ch\/fr\/","name":"Syspost AG","description":"Hardware- und Softwarel\u00f6sung f\u00fcr mehr Effizienz in der Post- und Dokumentenlogistik","publisher":{"@id":"https:\/\/syspost.ch\/fr\/#organization"},"potentialAction":[{"@type":"SearchAction","target":{"@type":"EntryPoint","urlTemplate":"https:\/\/syspost.ch\/fr\/?s={search_term_string}"},"query-input":{"@type":"PropertyValueSpecification","valueRequired":true,"valueName":"search_term_string"}}],"inLanguage":"fr-FR"},{"@type":"Organization","@id":"https:\/\/syspost.ch\/fr\/#organization","name":"Syspost AG","url":"https:\/\/syspost.ch\/fr\/","logo":{"@type":"ImageObject","inLanguage":"fr-FR","@id":"https:\/\/syspost.ch\/fr\/#\/schema\/logo\/image\/","url":"https:\/\/syspost.ch\/wp-content\/uploads\/2024\/09\/syspost-logo-bright-bg.svg","contentUrl":"https:\/\/syspost.ch\/wp-content\/uploads\/2024\/09\/syspost-logo-bright-bg.svg","width":250,"height":57,"caption":"Syspost AG"},"image":{"@id":"https:\/\/syspost.ch\/fr\/#\/schema\/logo\/image\/"}}]}},"_links":{"self":[{"href":"https:\/\/syspost.ch\/fr\/wp-json\/wp\/v2\/pages\/6393","targetHints":{"allow":["GET"]}}],"collection":[{"href":"https:\/\/syspost.ch\/fr\/wp-json\/wp\/v2\/pages"}],"about":[{"href":"https:\/\/syspost.ch\/fr\/wp-json\/wp\/v2\/types\/page"}],"author":[{"embeddable":true,"href":"https:\/\/syspost.ch\/fr\/wp-json\/wp\/v2\/users\/3"}],"replies":[{"embeddable":true,"href":"https:\/\/syspost.ch\/fr\/wp-json\/wp\/v2\/comments?post=6393"}],"version-history":[{"count":2,"href":"https:\/\/syspost.ch\/fr\/wp-json\/wp\/v2\/pages\/6393\/revisions"}],"predecessor-version":[{"id":6395,"href":"https:\/\/syspost.ch\/fr\/wp-json\/wp\/v2\/pages\/6393\/revisions\/6395"}],"wp:attachment":[{"href":"https:\/\/syspost.ch\/fr\/wp-json\/wp\/v2\/media?parent=6393"}],"curies":[{"name":"wp","href":"https:\/\/api.w.org\/{rel}","templated":true}]}}