{"id":6390,"date":"2024-09-10T12:27:23","date_gmt":"2024-09-10T10:27:23","guid":{"rendered":"https:\/\/syspost.ch\/impronta\/"},"modified":"2024-10-09T14:38:09","modified_gmt":"2024-10-09T12:38:09","slug":"impronta","status":"publish","type":"page","link":"https:\/\/syspost.ch\/it\/impronta\/","title":{"rendered":"Impronta"},"content":{"rendered":"[vc_row type=&#8221;in_container&#8221; full_screen_row_position=&#8221;middle&#8221; column_margin=&#8221;default&#8221; column_direction=&#8221;default&#8221; column_direction_tablet=&#8221;default&#8221; column_direction_phone=&#8221;default&#8221; scene_position=&#8221;center&#8221; text_color=&#8221;dark&#8221; text_align=&#8221;left&#8221; row_border_radius=&#8221;none&#8221; row_border_radius_applies=&#8221;bg&#8221; overflow=&#8221;visible&#8221; overlay_strength=&#8221;0.3&#8243; gradient_direction=&#8221;left_to_right&#8221; shape_divider_position=&#8221;bottom&#8221; bg_image_animation=&#8221;none&#8221;][vc_column column_padding=&#8221;no-extra-padding&#8221; column_padding_tablet=&#8221;inherit&#8221; column_padding_phone=&#8221;inherit&#8221; column_padding_position=&#8221;all&#8221; column_element_direction_desktop=&#8221;default&#8221; column_element_spacing=&#8221;default&#8221; desktop_text_alignment=&#8221;default&#8221; tablet_text_alignment=&#8221;default&#8221; phone_text_alignment=&#8221;default&#8221; background_color_opacity=&#8221;1&#8243; background_hover_color_opacity=&#8221;1&#8243; column_backdrop_filter=&#8221;none&#8221; column_shadow=&#8221;none&#8221; column_border_radius=&#8221;none&#8221; column_link_target=&#8221;_self&#8221; column_position=&#8221;default&#8221; gradient_direction=&#8221;left_to_right&#8221; overlay_strength=&#8221;0.3&#8243; width=&#8221;1\/1&#8243; tablet_width_inherit=&#8221;default&#8221; animation_type=&#8221;default&#8221; bg_image_animation=&#8221;none&#8221; border_type=&#8221;simple&#8221; column_border_width=&#8221;none&#8221; column_border_style=&#8221;solid&#8221;][vc_column_text css=&#8221;&#8221; text_direction=&#8221;default&#8221;]\n<h1>Impronta<\/h1>\n[\/vc_column_text][divider line_type=&#8221;No Line&#8221; custom_height=&#8221;80&#8243; custom_height_phone=&#8221;60&#8243;][vc_column_text css=&#8221;&#8221; text_direction=&#8221;default&#8221;]\n<div class=\"spalte1\">\n<h2>Editore<\/h2>\n<p><strong>Syspost AG<\/strong><br \/>\nAlte Winterthurerstrasse 42, CH-8304 Wallisellen<br \/>\nTel. +41 (0)44 883 25 00, Fax +41 (0)44 883 25 01 <a href=\"https:\/\/syspost.ch\">www.syspost.ch<\/a>, <span id=\"cloakfc3c44d93e7b5f3ab51c6b968e384c86\"><a href=\"mailto:info@syspost.ch\">info@syspost.ch<\/a><\/span> <\/p>\n<h2>Lavoro sul web<\/h2>\n<p><strong>Matoma GmbH<\/strong><br \/>\nAchauerstra\u00dfe 8, D-78647 Trossingen<br \/>\nT\u00e9l. +49 7425 3384 0, Fax +49 7425 3384 20 <a href=\"https:\/\/www.matoma.de\/\" target=\"_blank\" rel=\"noopener noreferrer\">matoma.de<\/a>, <a href=\"mailto:info@matoma.de\">info@matoma.de<\/a> <\/p>\n<h2>esclusione di responsabilit\u00e0<\/h2>\n<p><strong>Responsabilit\u00e0 per i contenuti e i link:<\/strong><br \/>\nSYSPOST\u00ae \u00e8 un marchio protetto e registrato. Qualsiasi uso improprio di questo marchio \u00e8 punibile per legge. Il contenuto del nostro sito web \u00e8 stato redatto con la massima cura. Tuttavia, non ci assumiamo alcuna responsabilit\u00e0 per l&#8217;accuratezza, la completezza e l&#8217;attualit\u00e0 dei contenuti. Il nostro sito web contiene link a siti esterni di terzi sui cui contenuti non abbiamo alcuna influenza. Il rispettivo fornitore o gestore delle pagine \u00e8 sempre responsabile del contenuto delle pagine collegate. Qualora venissimo a conoscenza di eventuali violazioni di legge, provvederemo a rimuovere immediatamente tali contenuti e link.<br \/>Il nostro sito web utilizza Google Analytics, un servizio di analisi web fornito da Google Inc. Google Analytics utilizza i cosiddetti cookie, file di testo che vengono memorizzati sul vostro computer e che consentono di analizzare il vostro utilizzo del sito web. Le informazioni generate dal cookie sull&#8217;utilizzo del sito web da parte dell&#8217;utente vengono solitamente trasmesse a un server di Google negli Stati Uniti e l\u00ec memorizzate. Tuttavia, se su questo sito web \u00e8 attivata l&#8217;anonimizzazione dell&#8217;IP, il vostro indirizzo IP viene prima troncato da Google all&#8217;interno degli Stati membri dell&#8217;Unione Europea o in altri Stati firmatari dell&#8217;Accordo sullo Spazio Economico Europeo. Solo in casi eccezionali l&#8217;indirizzo IP completo verr\u00e0 trasmesso a un server di Google negli Stati Uniti e l\u00ec troncato.      <\/p>\n<\/div>\n[\/vc_column_text][divider line_type=&#8221;No Line&#8221; custom_height=&#8221;80&#8243; custom_height_phone=&#8221;60&#8243;][\/vc_column][\/vc_row]\n","protected":false},"excerpt":{"rendered":"<p>[vc_row type=&#8221;in_container&#8221; full_screen_row_position=&#8221;middle&#8221; column_margin=&#8221;default&#8221; column_direction=&#8221;default&#8221; column_direction_tablet=&#8221;default&#8221; column_direction_phone=&#8221;default&#8221; scene_position=&#8221;center&#8221; text_color=&#8221;dark&#8221; text_align=&#8221;left&#8221; row_border_radius=&#8221;none&#8221; row_border_radius_applies=&#8221;bg&#8221; overflow=&#8221;visible&#8221; overlay_strength=&#8221;0.3&#8243; gradient_direction=&#8221;left_to_right&#8221;&#8230;<\/p>\n","protected":false},"author":3,"featured_media":0,"parent":0,"menu_order":0,"comment_status":"closed","ping_status":"closed","template":"","meta":{"inline_featured_image":false,"footnotes":""},"class_list":["post-6390","page","type-page","status-publish"],"yoast_head":"<!-- This site is optimized with the Yoast SEO plugin v27.2 - https:\/\/yoast.com\/product\/yoast-seo-wordpress\/ -->\n<title>Impronta - Syspost AG<\/title>\n<meta name=\"robots\" content=\"index, follow, max-snippet:-1, max-image-preview:large, max-video-preview:-1\" \/>\n<link rel=\"canonical\" href=\"https:\/\/syspost.ch\/it\/impronta\/\" \/>\n<meta property=\"og:locale\" content=\"it_IT\" \/>\n<meta property=\"og:type\" content=\"article\" \/>\n<meta property=\"og:title\" content=\"Impronta - Syspost AG\" \/>\n<meta property=\"og:description\" content=\"[vc_row type=&#8221;in_container&#8221; full_screen_row_position=&#8221;middle&#8221; column_margin=&#8221;default&#8221; column_direction=&#8221;default&#8221; column_direction_tablet=&#8221;default&#8221; column_direction_phone=&#8221;default&#8221; scene_position=&#8221;center&#8221; text_color=&#8221;dark&#8221; text_align=&#8221;left&#8221; row_border_radius=&#8221;none&#8221; row_border_radius_applies=&#8221;bg&#8221; overflow=&#8221;visible&#8221; overlay_strength=&#8221;0.3&#8243; gradient_direction=&#8221;left_to_right&#8221;...\" \/>\n<meta property=\"og:url\" content=\"https:\/\/syspost.ch\/it\/impronta\/\" \/>\n<meta property=\"og:site_name\" content=\"Syspost AG\" \/>\n<meta property=\"article:modified_time\" content=\"2024-10-09T12:38:09+00:00\" \/>\n<meta name=\"twitter:card\" content=\"summary_large_image\" \/>\n<meta name=\"twitter:label1\" content=\"Tempo di lettura stimato\" \/>\n\t<meta name=\"twitter:data1\" content=\"2 minuti\" \/>\n<script type=\"application\/ld+json\" class=\"yoast-schema-graph\">{\"@context\":\"https:\/\/schema.org\",\"@graph\":[{\"@type\":\"WebPage\",\"@id\":\"https:\/\/syspost.ch\/it\/impronta\/\",\"url\":\"https:\/\/syspost.ch\/it\/impronta\/\",\"name\":\"Impronta - Syspost AG\",\"isPartOf\":{\"@id\":\"https:\/\/syspost.ch\/it\/#website\"},\"datePublished\":\"2024-09-10T10:27:23+00:00\",\"dateModified\":\"2024-10-09T12:38:09+00:00\",\"breadcrumb\":{\"@id\":\"https:\/\/syspost.ch\/it\/impronta\/#breadcrumb\"},\"inLanguage\":\"it-IT\",\"potentialAction\":[{\"@type\":\"ReadAction\",\"target\":[\"https:\/\/syspost.ch\/it\/impronta\/\"]}]},{\"@type\":\"BreadcrumbList\",\"@id\":\"https:\/\/syspost.ch\/it\/impronta\/#breadcrumb\",\"itemListElement\":[{\"@type\":\"ListItem\",\"position\":1,\"name\":\"Startseite\",\"item\":\"https:\/\/syspost.ch\/it\/casa\/\"},{\"@type\":\"ListItem\",\"position\":2,\"name\":\"Impronta\"}]},{\"@type\":\"WebSite\",\"@id\":\"https:\/\/syspost.ch\/it\/#website\",\"url\":\"https:\/\/syspost.ch\/it\/\",\"name\":\"Syspost AG\",\"description\":\"Hardware- und Softwarel\u00f6sung f\u00fcr mehr Effizienz in der Post- und Dokumentenlogistik\",\"publisher\":{\"@id\":\"https:\/\/syspost.ch\/it\/#organization\"},\"potentialAction\":[{\"@type\":\"SearchAction\",\"target\":{\"@type\":\"EntryPoint\",\"urlTemplate\":\"https:\/\/syspost.ch\/it\/?s={search_term_string}\"},\"query-input\":{\"@type\":\"PropertyValueSpecification\",\"valueRequired\":true,\"valueName\":\"search_term_string\"}}],\"inLanguage\":\"it-IT\"},{\"@type\":\"Organization\",\"@id\":\"https:\/\/syspost.ch\/it\/#organization\",\"name\":\"Syspost AG\",\"url\":\"https:\/\/syspost.ch\/it\/\",\"logo\":{\"@type\":\"ImageObject\",\"inLanguage\":\"it-IT\",\"@id\":\"https:\/\/syspost.ch\/it\/#\/schema\/logo\/image\/\",\"url\":\"https:\/\/syspost.ch\/wp-content\/uploads\/2024\/09\/syspost-logo-bright-bg.svg\",\"contentUrl\":\"https:\/\/syspost.ch\/wp-content\/uploads\/2024\/09\/syspost-logo-bright-bg.svg\",\"width\":250,\"height\":57,\"caption\":\"Syspost AG\"},\"image\":{\"@id\":\"https:\/\/syspost.ch\/it\/#\/schema\/logo\/image\/\"}}]}<\/script>\n<!-- \/ Yoast SEO plugin. -->","yoast_head_json":{"title":"Impronta - Syspost AG","robots":{"index":"index","follow":"follow","max-snippet":"max-snippet:-1","max-image-preview":"max-image-preview:large","max-video-preview":"max-video-preview:-1"},"canonical":"https:\/\/syspost.ch\/it\/impronta\/","og_locale":"it_IT","og_type":"article","og_title":"Impronta - Syspost AG","og_description":"[vc_row type=&#8221;in_container&#8221; full_screen_row_position=&#8221;middle&#8221; column_margin=&#8221;default&#8221; column_direction=&#8221;default&#8221; column_direction_tablet=&#8221;default&#8221; column_direction_phone=&#8221;default&#8221; scene_position=&#8221;center&#8221; text_color=&#8221;dark&#8221; text_align=&#8221;left&#8221; row_border_radius=&#8221;none&#8221; row_border_radius_applies=&#8221;bg&#8221; overflow=&#8221;visible&#8221; overlay_strength=&#8221;0.3&#8243; gradient_direction=&#8221;left_to_right&#8221;...","og_url":"https:\/\/syspost.ch\/it\/impronta\/","og_site_name":"Syspost AG","article_modified_time":"2024-10-09T12:38:09+00:00","twitter_card":"summary_large_image","twitter_misc":{"Tempo di lettura stimato":"2 minuti"},"schema":{"@context":"https:\/\/schema.org","@graph":[{"@type":"WebPage","@id":"https:\/\/syspost.ch\/it\/impronta\/","url":"https:\/\/syspost.ch\/it\/impronta\/","name":"Impronta - Syspost AG","isPartOf":{"@id":"https:\/\/syspost.ch\/it\/#website"},"datePublished":"2024-09-10T10:27:23+00:00","dateModified":"2024-10-09T12:38:09+00:00","breadcrumb":{"@id":"https:\/\/syspost.ch\/it\/impronta\/#breadcrumb"},"inLanguage":"it-IT","potentialAction":[{"@type":"ReadAction","target":["https:\/\/syspost.ch\/it\/impronta\/"]}]},{"@type":"BreadcrumbList","@id":"https:\/\/syspost.ch\/it\/impronta\/#breadcrumb","itemListElement":[{"@type":"ListItem","position":1,"name":"Startseite","item":"https:\/\/syspost.ch\/it\/casa\/"},{"@type":"ListItem","position":2,"name":"Impronta"}]},{"@type":"WebSite","@id":"https:\/\/syspost.ch\/it\/#website","url":"https:\/\/syspost.ch\/it\/","name":"Syspost AG","description":"Hardware- und Softwarel\u00f6sung f\u00fcr mehr Effizienz in der Post- und Dokumentenlogistik","publisher":{"@id":"https:\/\/syspost.ch\/it\/#organization"},"potentialAction":[{"@type":"SearchAction","target":{"@type":"EntryPoint","urlTemplate":"https:\/\/syspost.ch\/it\/?s={search_term_string}"},"query-input":{"@type":"PropertyValueSpecification","valueRequired":true,"valueName":"search_term_string"}}],"inLanguage":"it-IT"},{"@type":"Organization","@id":"https:\/\/syspost.ch\/it\/#organization","name":"Syspost AG","url":"https:\/\/syspost.ch\/it\/","logo":{"@type":"ImageObject","inLanguage":"it-IT","@id":"https:\/\/syspost.ch\/it\/#\/schema\/logo\/image\/","url":"https:\/\/syspost.ch\/wp-content\/uploads\/2024\/09\/syspost-logo-bright-bg.svg","contentUrl":"https:\/\/syspost.ch\/wp-content\/uploads\/2024\/09\/syspost-logo-bright-bg.svg","width":250,"height":57,"caption":"Syspost AG"},"image":{"@id":"https:\/\/syspost.ch\/it\/#\/schema\/logo\/image\/"}}]}},"_links":{"self":[{"href":"https:\/\/syspost.ch\/it\/wp-json\/wp\/v2\/pages\/6390","targetHints":{"allow":["GET"]}}],"collection":[{"href":"https:\/\/syspost.ch\/it\/wp-json\/wp\/v2\/pages"}],"about":[{"href":"https:\/\/syspost.ch\/it\/wp-json\/wp\/v2\/types\/page"}],"author":[{"embeddable":true,"href":"https:\/\/syspost.ch\/it\/wp-json\/wp\/v2\/users\/3"}],"replies":[{"embeddable":true,"href":"https:\/\/syspost.ch\/it\/wp-json\/wp\/v2\/comments?post=6390"}],"version-history":[{"count":2,"href":"https:\/\/syspost.ch\/it\/wp-json\/wp\/v2\/pages\/6390\/revisions"}],"predecessor-version":[{"id":6392,"href":"https:\/\/syspost.ch\/it\/wp-json\/wp\/v2\/pages\/6390\/revisions\/6392"}],"wp:attachment":[{"href":"https:\/\/syspost.ch\/it\/wp-json\/wp\/v2\/media?parent=6390"}],"curies":[{"name":"wp","href":"https:\/\/api.w.org\/{rel}","templated":true}]}}